{"id":473,"date":"2020-10-14T11:23:35","date_gmt":"2020-10-14T10:23:35","guid":{"rendered":"https:\/\/premierhomeandyachtliving.com\/cookie-policy\/"},"modified":"2020-10-14T11:23:35","modified_gmt":"2020-10-14T10:23:35","slug":"cookie-policy","status":"publish","type":"page","link":"https:\/\/premierhomeandyachtliving.com\/es\/cookie-policy\/","title":{"rendered":"COOKIE POLICY"},"content":{"rendered":"[vc_row type=\u00bbfull_width_background\u00bb full_screen_row_position=\u00bbmiddle\u00bb column_margin=\u00bbdefault\u00bb column_direction=\u00bbdefault\u00bb column_direction_tablet=\u00bbdefault\u00bb column_direction_phone=\u00bbdefault\u00bb scene_position=\u00bbcenter\u00bb top_padding=\u00bb4%\u00bb bottom_padding=\u00bb4%\u00bb text_color=\u00bbdark\u00bb text_align=\u00bbleft\u00bb row_border_radius=\u00bbnone\u00bb row_border_radius_applies=\u00bbbg\u00bb color_overlay_2=\u00bbrgba(0,0,0,0.08)\u00bb overlay_strength=\u00bb0.5&#8243; gradient_direction=\u00bbtop_to_bottom\u00bb shape_divider_position=\u00bbbottom\u00bb bg_image_animation=\u00bbnone\u00bb shape_type=\u00bb\u00bb][vc_column column_padding=\u00bbno-extra-padding\u00bb column_padding_tablet=\u00bbinherit\u00bb column_padding_phone=\u00bbinherit\u00bb column_padding_position=\u00bball\u00bb background_color_opacity=\u00bb1&#8243; background_hover_color_opacity=\u00bb1&#8243; column_shadow=\u00bbnone\u00bb column_border_radius=\u00bbnone\u00bb column_link_target=\u00bb_self\u00bb gradient_direction=\u00bbleft_to_right\u00bb overlay_strength=\u00bb0.3&#8243; width=\u00bb1\/1&#8243; tablet_width_inherit=\u00bbdefault\u00bb tablet_text_alignment=\u00bbdefault\u00bb phone_text_alignment=\u00bbdefault\u00bb column_border_width=\u00bbnone\u00bb column_border_style=\u00bbsolid\u00bb bg_image_animation=\u00bbnone\u00bb][vc_column_text]\u00bfQu\u00e9 es una cookie?<\/p>\n<p>Una cookie es un fichero que se descarga en un dispositivo (ordenador o tel\u00e9fono m\u00f3vil) al acceder a determinadas p\u00e1ginas web. Las cookies permiten a una p\u00e1gina web, entre otras cosas, almacenar y recuperar informaci\u00f3n sobre los h\u00e1bitos de navegaci\u00f3n de un usuario o de un equipo y, dependiendo de la informaci\u00f3n que contengan y de la forma en que utilice su equipo, pueden utilizarse para reconocer al usuario.<\/p>\n<p>Cookies que utiliza esta p\u00e1gina web<\/p>\n<ul>\n<li>Cookies de seguridad: permite autenticar a los usuarios para proteger los datos frente a terceros no autorizados.<\/li>\n<li>Cookies anal\u00edticas: son aquellas que permiten al responsable de las mismas el seguimiento y el an\u00e1lisis del comportamiento de los usuarios de la p\u00e1gina web.<\/li>\n<li>Cookies de sesi\u00f3n: son un tipo de cookies dise\u00f1adas para recabar y almacenar datos mientras el usuario accede a la p\u00e1gina web.<\/li>\n<li>Cookies persistentes: son un tipo de cookies en el que los datos siguen almacenados en el terminal y pueden ser accedidos y tratados por un periodo definido por el responsable de la cookie.<\/li>\n<\/ul>\n<p>Bloquear y borrar cookies<\/p>\n<p>Usted puede permitir, bloquear o eliminar las cookies instaladas en su equipo mediante la configuraci\u00f3n de las opciones del navegador instalado en su ordenador.<br \/>\n\u00d8 Para m\u00e1s informaci\u00f3n sobre como bloquear y borrar el uso de las cookies con el navegador Firefox pulse\u00a0<a href=\"https:\/\/support.mozilla.org\/es\/kb\/impedir-que-los-sitios-web-guarden-sus-preferencia\">aqu\u00ed\u00a0<\/a>.<br \/>\n\u00d8 Para m\u00e1s informaci\u00f3n sobre como bloquear y borrar el uso de las cookies en el navegador de Google Chrome pulse\u00a0<a href=\"https:\/\/support.google.com\/chrome\/answer\/95647?hl=es\">aqu\u00ed\u00a0<\/a>.<br \/>\n\u00d8 Para m\u00e1s informaci\u00f3n sobre como bloquear y borrar el uso de las cookies con el navegador Internet Explorer pulse\u00a0<a href=\"http:\/\/windows.microsoft.com\/es-es\/windows7\/how-to-manage-cookies-in-internet-explorer-9\">aqu\u00ed\u00a0<\/a>.<\/p>\n<p>Detalle de las cookies<\/p>\n<table border=\"1\" width=\"1160\" cellspacing=\"0\" cellpadding=\"0\">\n<tbody>\n<tr>\n<td width=\"88\">NOMBRE<\/td>\n<td width=\"179\">TIPO\/FINALIDAD<\/td>\n<td width=\"97\">CADUCIDAD<\/td>\n<td width=\"90\">TITULAR<\/td>\n<td width=\"127\">M\u00c1S INFORMACION<\/td>\n<\/tr>\n<tr>\n<td width=\"88\">SID<\/td>\n<td width=\"179\">Cookie de seguridad<\/td>\n<td width=\"97\">Al finalizar la sesi\u00f3n de navegaci\u00f3n<\/td>\n<td width=\"90\">Google<\/td>\n<td width=\"127\"><a href=\"http:\/\/www.google.com\/intl\/es\/policies\/privacy\/\">Pol\u00edtica de \u00a0 privacidad de Google<\/a><\/td>\n<\/tr>\n<tr>\n<td width=\"88\">__utma<\/td>\n<td width=\"179\">Cookie anal\u00edtica: recoge informaci\u00f3n acerca de las visitas del \u00a0 usuario a la p\u00e1gina web.<\/td>\n<td width=\"97\">En dos a\u00f1os<\/td>\n<td width=\"90\">Google analytics<\/td>\n<td width=\"127\"><a href=\"http:\/\/www.google.com\/intl\/es\/policies\/privacy\/\">Pol\u00edtica de \u00a0 privacidad de Google<\/a><\/td>\n<\/tr>\n<tr>\n<td width=\"88\">__utmb<\/td>\n<td width=\"179\">Cookie anal\u00edtica: recoge informaci\u00f3n del momento en el que el usuario \u00a0 entra en la p\u00e1gina web.<\/td>\n<td width=\"97\">En 30 minutos<\/td>\n<td width=\"90\">Google analytics<\/td>\n<td width=\"127\"><a href=\"http:\/\/www.google.com\/intl\/es\/policies\/privacy\/\">Pol\u00edtica de \u00a0 privacidad de Google<\/a><\/td>\n<\/tr>\n<tr>\n<td width=\"88\">__utmc<\/td>\n<td width=\"179\">Cookie anal\u00edtica: recoge informaci\u00f3n del momento en el que el usuario \u00a0 sale de la p\u00e1gina web<\/td>\n<td width=\"97\">Al finalizar la sesi\u00f3n del navegador<\/td>\n<td width=\"90\">Google analytics<\/td>\n<td width=\"127\"><a href=\"http:\/\/www.google.com\/intl\/es\/policies\/privacy\/\">Pol\u00edtica de \u00a0 privacidad de Google<\/a><\/td>\n<\/tr>\n<tr>\n<td width=\"88\">__utmz<\/td>\n<td width=\"179\">Cookie anal\u00edtica: recoge acerca de c\u00f3mo ha encontrado el usuario la \u00a0 p\u00e1gina web.<\/td>\n<td width=\"97\">En 6 meses<\/td>\n<td width=\"90\">Google analytics<\/td>\n<td width=\"127\"><a href=\"http:\/\/www.google.com\/intl\/es\/policies\/privacy\/\">Pol\u00edtica de \u00a0 privacidad de Google<\/a><\/td>\n<\/tr>\n<\/tbody>\n<\/table>\n[\/vc_column_text][\/vc_column][\/vc_row]\n","protected":false},"excerpt":{"rendered":"<p>[vc_row type=\u00bbfull_width_background\u00bb full_screen_row_position=\u00bbmiddle\u00bb column_margin=\u00bbdefault\u00bb column_direction=\u00bbdefault\u00bb column_direction_tablet=\u00bbdefault\u00bb column_direction_phone=\u00bbdefault\u00bb scene_position=\u00bbcenter\u00bb top_padding=\u00bb4%\u00bb bottom_padding=\u00bb4%\u00bb text_color=\u00bbdark\u00bb text_align=\u00bbleft\u00bb row_border_radius=\u00bbnone\u00bb row_border_radius_applies=\u00bbbg\u00bb color_overlay_2=\u00bbrgba(0,0,0,0.08)\u00bb overlay_strength=\u00bb0.5&#8243; gradient_direction=\u00bbtop_to_bottom\u00bb shape_divider_position=\u00bbbottom\u00bb bg_image_animation=\u00bbnone\u00bb shape_type=\u00bb\u00bb][vc_column column_padding=\u00bbno-extra-padding\u00bb column_padding_tablet=\u00bbinherit\u00bb column_padding_phone=\u00bbinherit\u00bb column_padding_position=\u00bball\u00bb background_color_opacity=\u00bb1&#8243; background_hover_color_opacity=\u00bb1&#8243; column_shadow=\u00bbnone\u00bb column_border_radius=\u00bbnone\u00bb column_link_target=\u00bb_self\u00bb gradient_direction=\u00bbleft_to_right\u00bb&#8230;<\/p>\n","protected":false},"author":1,"featured_media":0,"parent":0,"menu_order":0,"comment_status":"closed","ping_status":"closed","template":"","meta":[],"yoast_head":"<!-- This site is optimized with the Yoast SEO plugin v19.4 - https:\/\/yoast.com\/wordpress\/plugins\/seo\/ -->\n<title>COOKIE POLICY - Premier Home &amp; Yacht Living<\/title>\n<meta name=\"robots\" content=\"index, follow, max-snippet:-1, max-image-preview:large, max-video-preview:-1\" \/>\n<link rel=\"canonical\" href=\"https:\/\/premierhomeandyachtliving.com\/es\/cookie-policy\/\" \/>\n<meta property=\"og:locale\" content=\"es_ES\" \/>\n<meta property=\"og:type\" content=\"article\" \/>\n<meta property=\"og:title\" content=\"COOKIE POLICY - Premier Home &amp; Yacht Living\" \/>\n<meta property=\"og:description\" content=\"[vc_row type=\u00bbfull_width_background\u00bb full_screen_row_position=\u00bbmiddle\u00bb column_margin=\u00bbdefault\u00bb column_direction=\u00bbdefault\u00bb column_direction_tablet=\u00bbdefault\u00bb column_direction_phone=\u00bbdefault\u00bb scene_position=\u00bbcenter\u00bb top_padding=\u00bb4%\u00bb bottom_padding=\u00bb4%\u00bb text_color=\u00bbdark\u00bb text_align=\u00bbleft\u00bb row_border_radius=\u00bbnone\u00bb row_border_radius_applies=\u00bbbg\u00bb color_overlay_2=\u00bbrgba(0,0,0,0.08)\u00bb overlay_strength=\u00bb0.5&#8243; gradient_direction=\u00bbtop_to_bottom\u00bb shape_divider_position=\u00bbbottom\u00bb bg_image_animation=\u00bbnone\u00bb shape_type=\u00bb\u00bb][vc_column column_padding=\u00bbno-extra-padding\u00bb column_padding_tablet=\u00bbinherit\u00bb column_padding_phone=\u00bbinherit\u00bb column_padding_position=\u00bball\u00bb background_color_opacity=\u00bb1&#8243; background_hover_color_opacity=\u00bb1&#8243; column_shadow=\u00bbnone\u00bb column_border_radius=\u00bbnone\u00bb column_link_target=\u00bb_self\u00bb gradient_direction=\u00bbleft_to_right\u00bb...\" \/>\n<meta property=\"og:url\" content=\"https:\/\/premierhomeandyachtliving.com\/es\/cookie-policy\/\" \/>\n<meta property=\"og:site_name\" content=\"Premier Home &amp; Yacht Living\" \/>\n<meta name=\"twitter:card\" content=\"summary_large_image\" \/>\n<meta name=\"twitter:label1\" content=\"Tiempo de lectura\" \/>\n\t<meta name=\"twitter:data1\" content=\"3 minutos\" \/>\n<script type=\"application\/ld+json\" class=\"yoast-schema-graph\">{\"@context\":\"https:\/\/schema.org\",\"@graph\":[{\"@type\":\"WebSite\",\"@id\":\"https:\/\/premierhomeandyachtliving.com\/#website\",\"url\":\"https:\/\/premierhomeandyachtliving.com\/\",\"name\":\"Premier Home &amp; Yacht Living\",\"description\":\"Mallorca | Yacht Linens | Crew Linens\",\"potentialAction\":[{\"@type\":\"SearchAction\",\"target\":{\"@type\":\"EntryPoint\",\"urlTemplate\":\"https:\/\/premierhomeandyachtliving.com\/?s={search_term_string}\"},\"query-input\":\"required name=search_term_string\"}],\"inLanguage\":\"es\"},{\"@type\":\"WebPage\",\"@id\":\"https:\/\/premierhomeandyachtliving.com\/es\/cookie-policy\/\",\"url\":\"https:\/\/premierhomeandyachtliving.com\/es\/cookie-policy\/\",\"name\":\"COOKIE POLICY - Premier Home &amp; Yacht Living\",\"isPartOf\":{\"@id\":\"https:\/\/premierhomeandyachtliving.com\/#website\"},\"datePublished\":\"2020-10-14T10:23:35+00:00\",\"dateModified\":\"2020-10-14T10:23:35+00:00\",\"breadcrumb\":{\"@id\":\"https:\/\/premierhomeandyachtliving.com\/es\/cookie-policy\/#breadcrumb\"},\"inLanguage\":\"es\",\"potentialAction\":[{\"@type\":\"ReadAction\",\"target\":[\"https:\/\/premierhomeandyachtliving.com\/es\/cookie-policy\/\"]}]},{\"@type\":\"BreadcrumbList\",\"@id\":\"https:\/\/premierhomeandyachtliving.com\/es\/cookie-policy\/#breadcrumb\",\"itemListElement\":[{\"@type\":\"ListItem\",\"position\":1,\"name\":\"Home\",\"item\":\"https:\/\/premierhomeandyachtliving.com\/es\/\"},{\"@type\":\"ListItem\",\"position\":2,\"name\":\"COOKIE POLICY\"}]}]}<\/script>\n<!-- \/ Yoast SEO plugin. -->","yoast_head_json":{"title":"COOKIE POLICY - Premier Home &amp; Yacht Living","robots":{"index":"index","follow":"follow","max-snippet":"max-snippet:-1","max-image-preview":"max-image-preview:large","max-video-preview":"max-video-preview:-1"},"canonical":"https:\/\/premierhomeandyachtliving.com\/es\/cookie-policy\/","og_locale":"es_ES","og_type":"article","og_title":"COOKIE POLICY - Premier Home &amp; Yacht Living","og_description":"[vc_row type=\u00bbfull_width_background\u00bb full_screen_row_position=\u00bbmiddle\u00bb column_margin=\u00bbdefault\u00bb column_direction=\u00bbdefault\u00bb column_direction_tablet=\u00bbdefault\u00bb column_direction_phone=\u00bbdefault\u00bb scene_position=\u00bbcenter\u00bb top_padding=\u00bb4%\u00bb bottom_padding=\u00bb4%\u00bb text_color=\u00bbdark\u00bb text_align=\u00bbleft\u00bb row_border_radius=\u00bbnone\u00bb row_border_radius_applies=\u00bbbg\u00bb color_overlay_2=\u00bbrgba(0,0,0,0.08)\u00bb overlay_strength=\u00bb0.5&#8243; gradient_direction=\u00bbtop_to_bottom\u00bb shape_divider_position=\u00bbbottom\u00bb bg_image_animation=\u00bbnone\u00bb shape_type=\u00bb\u00bb][vc_column column_padding=\u00bbno-extra-padding\u00bb column_padding_tablet=\u00bbinherit\u00bb column_padding_phone=\u00bbinherit\u00bb column_padding_position=\u00bball\u00bb background_color_opacity=\u00bb1&#8243; background_hover_color_opacity=\u00bb1&#8243; column_shadow=\u00bbnone\u00bb column_border_radius=\u00bbnone\u00bb column_link_target=\u00bb_self\u00bb gradient_direction=\u00bbleft_to_right\u00bb...","og_url":"https:\/\/premierhomeandyachtliving.com\/es\/cookie-policy\/","og_site_name":"Premier Home &amp; Yacht Living","twitter_card":"summary_large_image","twitter_misc":{"Tiempo de lectura":"3 minutos"},"schema":{"@context":"https:\/\/schema.org","@graph":[{"@type":"WebSite","@id":"https:\/\/premierhomeandyachtliving.com\/#website","url":"https:\/\/premierhomeandyachtliving.com\/","name":"Premier Home &amp; Yacht Living","description":"Mallorca | Yacht Linens | Crew Linens","potentialAction":[{"@type":"SearchAction","target":{"@type":"EntryPoint","urlTemplate":"https:\/\/premierhomeandyachtliving.com\/?s={search_term_string}"},"query-input":"required name=search_term_string"}],"inLanguage":"es"},{"@type":"WebPage","@id":"https:\/\/premierhomeandyachtliving.com\/es\/cookie-policy\/","url":"https:\/\/premierhomeandyachtliving.com\/es\/cookie-policy\/","name":"COOKIE POLICY - Premier Home &amp; Yacht Living","isPartOf":{"@id":"https:\/\/premierhomeandyachtliving.com\/#website"},"datePublished":"2020-10-14T10:23:35+00:00","dateModified":"2020-10-14T10:23:35+00:00","breadcrumb":{"@id":"https:\/\/premierhomeandyachtliving.com\/es\/cookie-policy\/#breadcrumb"},"inLanguage":"es","potentialAction":[{"@type":"ReadAction","target":["https:\/\/premierhomeandyachtliving.com\/es\/cookie-policy\/"]}]},{"@type":"BreadcrumbList","@id":"https:\/\/premierhomeandyachtliving.com\/es\/cookie-policy\/#breadcrumb","itemListElement":[{"@type":"ListItem","position":1,"name":"Home","item":"https:\/\/premierhomeandyachtliving.com\/es\/"},{"@type":"ListItem","position":2,"name":"COOKIE POLICY"}]}]}},"_links":{"self":[{"href":"https:\/\/premierhomeandyachtliving.com\/es\/wp-json\/wp\/v2\/pages\/473\/"}],"collection":[{"href":"https:\/\/premierhomeandyachtliving.com\/es\/wp-json\/wp\/v2\/pages\/"}],"about":[{"href":"https:\/\/premierhomeandyachtliving.com\/es\/wp-json\/wp\/v2\/types\/page\/"}],"author":[{"embeddable":true,"href":"https:\/\/premierhomeandyachtliving.com\/es\/wp-json\/wp\/v2\/users\/1\/"}],"replies":[{"embeddable":true,"href":"https:\/\/premierhomeandyachtliving.com\/es\/wp-json\/wp\/v2\/comments\/?post=473"}],"version-history":[{"count":0,"href":"https:\/\/premierhomeandyachtliving.com\/es\/wp-json\/wp\/v2\/pages\/473\/revisions\/"}],"wp:attachment":[{"href":"https:\/\/premierhomeandyachtliving.com\/es\/wp-json\/wp\/v2\/media\/?parent=473"}],"curies":[{"name":"wp","href":"https:\/\/api.w.org\/{rel}","templated":true}]}}