{"id":475,"date":"2020-10-13T11:48:02","date_gmt":"2020-10-13T10:48:02","guid":{"rendered":"https:\/\/premierhomeandyachtliving.com\/interior-dining\/"},"modified":"2020-12-01T16:49:43","modified_gmt":"2020-12-01T16:49:43","slug":"mesa-e-interiores","status":"publish","type":"page","link":"https:\/\/premierhomeandyachtliving.com\/es\/mesa-e-interiores\/","title":{"rendered":"Mesa e Interiores"},"content":{"rendered":"[vc_row type=\u00bbin_container\u00bb full_screen_row_position=\u00bbmiddle\u00bb column_margin=\u00bbdefault\u00bb column_direction=\u00bbdefault\u00bb column_direction_tablet=\u00bbdefault\u00bb column_direction_phone=\u00bbdefault\u00bb scene_position=\u00bbcenter\u00bb top_padding=\u00bb2%\u00bb text_color=\u00bbdark\u00bb text_align=\u00bbleft\u00bb row_border_radius=\u00bbnone\u00bb row_border_radius_applies=\u00bbbg\u00bb overlay_strength=\u00bb0.3&#8243; gradient_direction=\u00bbleft_to_right\u00bb shape_divider_position=\u00bbbottom\u00bb bg_image_animation=\u00bbnone\u00bb shape_type=\u00bb\u00bb][vc_column column_padding=\u00bbno-extra-padding\u00bb column_padding_tablet=\u00bbinherit\u00bb column_padding_phone=\u00bbinherit\u00bb column_padding_position=\u00bball\u00bb background_color_opacity=\u00bb1&#8243; background_hover_color_opacity=\u00bb1&#8243; column_shadow=\u00bbnone\u00bb column_border_radius=\u00bbnone\u00bb column_link_target=\u00bb_self\u00bb gradient_direction=\u00bbleft_to_right\u00bb overlay_strength=\u00bb0.3&#8243; width=\u00bb1\/1&#8243; tablet_width_inherit=\u00bbdefault\u00bb tablet_text_alignment=\u00bbdefault\u00bb phone_text_alignment=\u00bbdefault\u00bb column_border_width=\u00bbnone\u00bb column_border_style=\u00bbsolid\u00bb bg_image_animation=\u00bbnone\u00bb][vc_column_text]\n<p style=\"text-align: center;\">Para la mesa, tanto en interiores como exteriores, tenemos todo lo que pueda necesitar. Vajillas, manteler\u00eda, cristaler\u00eda y cuberter\u00eda de famosas marcas de lujo hasta creadores artesanales. Desde un simple desayuno hasta un completo servicio de plata de ley, tenemos todo lo que busca, para impresionar a sus invitados.<\/p>\n[\/vc_column_text][\/vc_column][\/vc_row][vc_row type=\u00bbin_container\u00bb full_screen_row_position=\u00bbmiddle\u00bb column_margin=\u00bbdefault\u00bb column_direction=\u00bbdefault\u00bb column_direction_tablet=\u00bbdefault\u00bb column_direction_phone=\u00bbdefault\u00bb scene_position=\u00bbcenter\u00bb top_padding=\u00bb2%\u00bb text_color=\u00bbdark\u00bb text_align=\u00bbleft\u00bb row_border_radius=\u00bbnone\u00bb row_border_radius_applies=\u00bbbg\u00bb overlay_strength=\u00bb0.3&#8243; gradient_direction=\u00bbleft_to_right\u00bb shape_divider_position=\u00bbbottom\u00bb bg_image_animation=\u00bbnone\u00bb shape_type=\u00bb\u00bb][vc_column column_padding=\u00bbno-extra-padding\u00bb column_padding_tablet=\u00bbinherit\u00bb column_padding_phone=\u00bbinherit\u00bb column_padding_position=\u00bball\u00bb background_color_opacity=\u00bb1&#8243; background_hover_color_opacity=\u00bb1&#8243; column_shadow=\u00bbnone\u00bb column_border_radius=\u00bbnone\u00bb column_link_target=\u00bb_self\u00bb gradient_direction=\u00bbleft_to_right\u00bb overlay_strength=\u00bb0.3&#8243; width=\u00bb1\/1&#8243; tablet_width_inherit=\u00bbdefault\u00bb tablet_text_alignment=\u00bbdefault\u00bb phone_text_alignment=\u00bbdefault\u00bb column_border_width=\u00bbnone\u00bb column_border_style=\u00bbsolid\u00bb bg_image_animation=\u00bbnone\u00bb][vc_gallery type=\u00bbimage_grid\u00bb images=\u00bb1375,1377,1379,1381,1383,1385,1387,1389,1391,1393,1395,1397,1399,1401,1403,1405,1407,1409,1411,1413,1415,1417,1419,1421,1423,1425,1427,1429,1431,1433,1435,1437,1439,1441,1443,1445,1447,1449,1451,1453,1455,1457,1459,1461,1463,1465,1467,1469,1471,1473,1475,1477,1479,1481,1483,1485,1487,1489&#8243; layout=\u00bb3&#8243; item_spacing=\u00bbdefault\u00bb gallery_style=\u00bb2&#8243; load_in_animation=\u00bbnone\u00bb img_size=\u00bb400&#215;300&#8243;][\/vc_column][\/vc_row]\n","protected":false},"excerpt":{"rendered":"<p>[vc_row type=\u00bbin_container\u00bb full_screen_row_position=\u00bbmiddle\u00bb column_margin=\u00bbdefault\u00bb column_direction=\u00bbdefault\u00bb column_direction_tablet=\u00bbdefault\u00bb column_direction_phone=\u00bbdefault\u00bb scene_position=\u00bbcenter\u00bb top_padding=\u00bb2%\u00bb text_color=\u00bbdark\u00bb text_align=\u00bbleft\u00bb row_border_radius=\u00bbnone\u00bb row_border_radius_applies=\u00bbbg\u00bb overlay_strength=\u00bb0.3&#8243; gradient_direction=\u00bbleft_to_right\u00bb shape_divider_position=\u00bbbottom\u00bb bg_image_animation=\u00bbnone\u00bb shape_type=\u00bb\u00bb][vc_column column_padding=\u00bbno-extra-padding\u00bb column_padding_tablet=\u00bbinherit\u00bb column_padding_phone=\u00bbinherit\u00bb column_padding_position=\u00bball\u00bb background_color_opacity=\u00bb1&#8243; background_hover_color_opacity=\u00bb1&#8243; column_shadow=\u00bbnone\u00bb column_border_radius=\u00bbnone\u00bb column_link_target=\u00bb_self\u00bb gradient_direction=\u00bbleft_to_right\u00bb overlay_strength=\u00bb0.3&#8243; width=\u00bb1\/1&#8243;&#8230;<\/p>\n","protected":false},"author":1,"featured_media":0,"parent":0,"menu_order":0,"comment_status":"closed","ping_status":"closed","template":"","meta":[],"yoast_head":"<!-- This site is optimized with the Yoast SEO plugin v19.4 - https:\/\/yoast.com\/wordpress\/plugins\/seo\/ -->\n<title>Mesa e Interiores - Premier Home &amp; Yacht Living<\/title>\n<meta name=\"robots\" content=\"index, follow, max-snippet:-1, max-image-preview:large, max-video-preview:-1\" \/>\n<link rel=\"canonical\" href=\"https:\/\/premierhomeandyachtliving.com\/es\/mesa-e-interiores\/\" \/>\n<meta property=\"og:locale\" content=\"es_ES\" \/>\n<meta property=\"og:type\" content=\"article\" \/>\n<meta property=\"og:title\" content=\"Mesa e Interiores - Premier Home &amp; Yacht Living\" \/>\n<meta property=\"og:description\" content=\"[vc_row type=\u00bbin_container\u00bb full_screen_row_position=\u00bbmiddle\u00bb column_margin=\u00bbdefault\u00bb column_direction=\u00bbdefault\u00bb column_direction_tablet=\u00bbdefault\u00bb column_direction_phone=\u00bbdefault\u00bb scene_position=\u00bbcenter\u00bb top_padding=\u00bb2%\u00bb text_color=\u00bbdark\u00bb text_align=\u00bbleft\u00bb row_border_radius=\u00bbnone\u00bb row_border_radius_applies=\u00bbbg\u00bb overlay_strength=\u00bb0.3&#8243; gradient_direction=\u00bbleft_to_right\u00bb shape_divider_position=\u00bbbottom\u00bb bg_image_animation=\u00bbnone\u00bb shape_type=\u00bb\u00bb][vc_column column_padding=\u00bbno-extra-padding\u00bb column_padding_tablet=\u00bbinherit\u00bb column_padding_phone=\u00bbinherit\u00bb column_padding_position=\u00bball\u00bb background_color_opacity=\u00bb1&#8243; background_hover_color_opacity=\u00bb1&#8243; column_shadow=\u00bbnone\u00bb column_border_radius=\u00bbnone\u00bb column_link_target=\u00bb_self\u00bb gradient_direction=\u00bbleft_to_right\u00bb overlay_strength=\u00bb0.3&#8243; width=\u00bb1\/1&#8243;...\" \/>\n<meta property=\"og:url\" content=\"https:\/\/premierhomeandyachtliving.com\/es\/mesa-e-interiores\/\" \/>\n<meta property=\"og:site_name\" content=\"Premier Home &amp; Yacht Living\" \/>\n<meta property=\"article:modified_time\" content=\"2020-12-01T16:49:43+00:00\" \/>\n<meta name=\"twitter:card\" content=\"summary_large_image\" \/>\n<meta name=\"twitter:label1\" content=\"Tiempo de lectura\" \/>\n\t<meta name=\"twitter:data1\" content=\"2 minutos\" \/>\n<script type=\"application\/ld+json\" class=\"yoast-schema-graph\">{\"@context\":\"https:\/\/schema.org\",\"@graph\":[{\"@type\":\"WebSite\",\"@id\":\"https:\/\/premierhomeandyachtliving.com\/#website\",\"url\":\"https:\/\/premierhomeandyachtliving.com\/\",\"name\":\"Premier Home &amp; Yacht Living\",\"description\":\"Mallorca | Yacht Linens | Crew Linens\",\"potentialAction\":[{\"@type\":\"SearchAction\",\"target\":{\"@type\":\"EntryPoint\",\"urlTemplate\":\"https:\/\/premierhomeandyachtliving.com\/?s={search_term_string}\"},\"query-input\":\"required name=search_term_string\"}],\"inLanguage\":\"es\"},{\"@type\":\"WebPage\",\"@id\":\"https:\/\/premierhomeandyachtliving.com\/es\/mesa-e-interiores\/\",\"url\":\"https:\/\/premierhomeandyachtliving.com\/es\/mesa-e-interiores\/\",\"name\":\"Mesa e Interiores - Premier Home &amp; Yacht Living\",\"isPartOf\":{\"@id\":\"https:\/\/premierhomeandyachtliving.com\/#website\"},\"datePublished\":\"2020-10-13T10:48:02+00:00\",\"dateModified\":\"2020-12-01T16:49:43+00:00\",\"breadcrumb\":{\"@id\":\"https:\/\/premierhomeandyachtliving.com\/es\/mesa-e-interiores\/#breadcrumb\"},\"inLanguage\":\"es\",\"potentialAction\":[{\"@type\":\"ReadAction\",\"target\":[\"https:\/\/premierhomeandyachtliving.com\/es\/mesa-e-interiores\/\"]}]},{\"@type\":\"BreadcrumbList\",\"@id\":\"https:\/\/premierhomeandyachtliving.com\/es\/mesa-e-interiores\/#breadcrumb\",\"itemListElement\":[{\"@type\":\"ListItem\",\"position\":1,\"name\":\"Home\",\"item\":\"https:\/\/premierhomeandyachtliving.com\/es\/\"},{\"@type\":\"ListItem\",\"position\":2,\"name\":\"Mesa e Interiores\"}]}]}<\/script>\n<!-- \/ Yoast SEO plugin. -->","yoast_head_json":{"title":"Mesa e Interiores - Premier Home &amp; Yacht Living","robots":{"index":"index","follow":"follow","max-snippet":"max-snippet:-1","max-image-preview":"max-image-preview:large","max-video-preview":"max-video-preview:-1"},"canonical":"https:\/\/premierhomeandyachtliving.com\/es\/mesa-e-interiores\/","og_locale":"es_ES","og_type":"article","og_title":"Mesa e Interiores - Premier Home &amp; Yacht Living","og_description":"[vc_row type=\u00bbin_container\u00bb full_screen_row_position=\u00bbmiddle\u00bb column_margin=\u00bbdefault\u00bb column_direction=\u00bbdefault\u00bb column_direction_tablet=\u00bbdefault\u00bb column_direction_phone=\u00bbdefault\u00bb scene_position=\u00bbcenter\u00bb top_padding=\u00bb2%\u00bb text_color=\u00bbdark\u00bb text_align=\u00bbleft\u00bb row_border_radius=\u00bbnone\u00bb row_border_radius_applies=\u00bbbg\u00bb overlay_strength=\u00bb0.3&#8243; gradient_direction=\u00bbleft_to_right\u00bb shape_divider_position=\u00bbbottom\u00bb bg_image_animation=\u00bbnone\u00bb shape_type=\u00bb\u00bb][vc_column column_padding=\u00bbno-extra-padding\u00bb column_padding_tablet=\u00bbinherit\u00bb column_padding_phone=\u00bbinherit\u00bb column_padding_position=\u00bball\u00bb background_color_opacity=\u00bb1&#8243; background_hover_color_opacity=\u00bb1&#8243; column_shadow=\u00bbnone\u00bb column_border_radius=\u00bbnone\u00bb column_link_target=\u00bb_self\u00bb gradient_direction=\u00bbleft_to_right\u00bb overlay_strength=\u00bb0.3&#8243; width=\u00bb1\/1&#8243;...","og_url":"https:\/\/premierhomeandyachtliving.com\/es\/mesa-e-interiores\/","og_site_name":"Premier Home &amp; Yacht Living","article_modified_time":"2020-12-01T16:49:43+00:00","twitter_card":"summary_large_image","twitter_misc":{"Tiempo de lectura":"2 minutos"},"schema":{"@context":"https:\/\/schema.org","@graph":[{"@type":"WebSite","@id":"https:\/\/premierhomeandyachtliving.com\/#website","url":"https:\/\/premierhomeandyachtliving.com\/","name":"Premier Home &amp; Yacht Living","description":"Mallorca | Yacht Linens | Crew Linens","potentialAction":[{"@type":"SearchAction","target":{"@type":"EntryPoint","urlTemplate":"https:\/\/premierhomeandyachtliving.com\/?s={search_term_string}"},"query-input":"required name=search_term_string"}],"inLanguage":"es"},{"@type":"WebPage","@id":"https:\/\/premierhomeandyachtliving.com\/es\/mesa-e-interiores\/","url":"https:\/\/premierhomeandyachtliving.com\/es\/mesa-e-interiores\/","name":"Mesa e Interiores - Premier Home &amp; Yacht Living","isPartOf":{"@id":"https:\/\/premierhomeandyachtliving.com\/#website"},"datePublished":"2020-10-13T10:48:02+00:00","dateModified":"2020-12-01T16:49:43+00:00","breadcrumb":{"@id":"https:\/\/premierhomeandyachtliving.com\/es\/mesa-e-interiores\/#breadcrumb"},"inLanguage":"es","potentialAction":[{"@type":"ReadAction","target":["https:\/\/premierhomeandyachtliving.com\/es\/mesa-e-interiores\/"]}]},{"@type":"BreadcrumbList","@id":"https:\/\/premierhomeandyachtliving.com\/es\/mesa-e-interiores\/#breadcrumb","itemListElement":[{"@type":"ListItem","position":1,"name":"Home","item":"https:\/\/premierhomeandyachtliving.com\/es\/"},{"@type":"ListItem","position":2,"name":"Mesa e Interiores"}]}]}},"_links":{"self":[{"href":"https:\/\/premierhomeandyachtliving.com\/es\/wp-json\/wp\/v2\/pages\/475\/"}],"collection":[{"href":"https:\/\/premierhomeandyachtliving.com\/es\/wp-json\/wp\/v2\/pages\/"}],"about":[{"href":"https:\/\/premierhomeandyachtliving.com\/es\/wp-json\/wp\/v2\/types\/page\/"}],"author":[{"embeddable":true,"href":"https:\/\/premierhomeandyachtliving.com\/es\/wp-json\/wp\/v2\/users\/1\/"}],"replies":[{"embeddable":true,"href":"https:\/\/premierhomeandyachtliving.com\/es\/wp-json\/wp\/v2\/comments\/?post=475"}],"version-history":[{"count":3,"href":"https:\/\/premierhomeandyachtliving.com\/es\/wp-json\/wp\/v2\/pages\/475\/revisions\/"}],"predecessor-version":[{"id":1492,"href":"https:\/\/premierhomeandyachtliving.com\/es\/wp-json\/wp\/v2\/pages\/475\/revisions\/1492\/"}],"wp:attachment":[{"href":"https:\/\/premierhomeandyachtliving.com\/es\/wp-json\/wp\/v2\/media\/?parent=475"}],"curies":[{"name":"wp","href":"https:\/\/api.w.org\/{rel}","templated":true}]}}