{"id":497,"date":"2020-10-13T11:50:44","date_gmt":"2020-10-13T10:50:44","guid":{"rendered":"https:\/\/premierhomeandyachtliving.com\/beach-deck\/"},"modified":"2020-12-01T16:22:13","modified_gmt":"2020-12-01T16:22:13","slug":"playa-y-cubiertas","status":"publish","type":"page","link":"https:\/\/premierhomeandyachtliving.com\/es\/playa-y-cubiertas\/","title":{"rendered":"Playa y Cubiertas"},"content":{"rendered":"[vc_row type=\u00bbin_container\u00bb full_screen_row_position=\u00bbmiddle\u00bb column_margin=\u00bbdefault\u00bb column_direction=\u00bbdefault\u00bb column_direction_tablet=\u00bbdefault\u00bb column_direction_phone=\u00bbdefault\u00bb scene_position=\u00bbcenter\u00bb top_padding=\u00bb2%\u00bb text_color=\u00bbdark\u00bb text_align=\u00bbleft\u00bb row_border_radius=\u00bbnone\u00bb row_border_radius_applies=\u00bbbg\u00bb overlay_strength=\u00bb0.3&#8243; gradient_direction=\u00bbleft_to_right\u00bb shape_divider_position=\u00bbbottom\u00bb bg_image_animation=\u00bbnone\u00bb shape_type=\u00bb\u00bb][vc_column column_padding=\u00bbno-extra-padding\u00bb column_padding_tablet=\u00bbinherit\u00bb column_padding_phone=\u00bbinherit\u00bb column_padding_position=\u00bball\u00bb background_color_opacity=\u00bb1&#8243; background_hover_color_opacity=\u00bb1&#8243; column_shadow=\u00bbnone\u00bb column_border_radius=\u00bbnone\u00bb column_link_target=\u00bb_self\u00bb gradient_direction=\u00bbleft_to_right\u00bb overlay_strength=\u00bb0.3&#8243; width=\u00bb1\/1&#8243; tablet_width_inherit=\u00bbdefault\u00bb tablet_text_alignment=\u00bbdefault\u00bb phone_text_alignment=\u00bbdefault\u00bb column_border_width=\u00bbnone\u00bb column_border_style=\u00bbsolid\u00bb bg_image_animation=\u00bbnone\u00bb][vc_column_text]\n<p style=\"text-align: center;\">Tenemos una gran variedad de cestas de picnic, pufs, toallas para la playa, linternas y muebles para hacer el exterior una extensi\u00f3n de su casa o yate. Para mas seguridad y limpieza tambi\u00e9n ofrecemos alfombrillas y felpudos personalizados en cualquier color, tama\u00f1o y dise\u00f1o<\/p>\n[\/vc_column_text][\/vc_column][\/vc_row][vc_row type=\u00bbin_container\u00bb full_screen_row_position=\u00bbmiddle\u00bb column_margin=\u00bbdefault\u00bb column_direction=\u00bbdefault\u00bb column_direction_tablet=\u00bbdefault\u00bb column_direction_phone=\u00bbdefault\u00bb scene_position=\u00bbcenter\u00bb top_padding=\u00bb2%\u00bb text_color=\u00bbdark\u00bb text_align=\u00bbleft\u00bb row_border_radius=\u00bbnone\u00bb row_border_radius_applies=\u00bbbg\u00bb overlay_strength=\u00bb0.3&#8243; gradient_direction=\u00bbleft_to_right\u00bb shape_divider_position=\u00bbbottom\u00bb bg_image_animation=\u00bbnone\u00bb shape_type=\u00bb\u00bb][vc_column column_padding=\u00bbno-extra-padding\u00bb column_padding_tablet=\u00bbinherit\u00bb column_padding_phone=\u00bbinherit\u00bb column_padding_position=\u00bball\u00bb background_color_opacity=\u00bb1&#8243; background_hover_color_opacity=\u00bb1&#8243; column_shadow=\u00bbnone\u00bb column_border_radius=\u00bbnone\u00bb column_link_target=\u00bb_self\u00bb gradient_direction=\u00bbleft_to_right\u00bb overlay_strength=\u00bb0.3&#8243; width=\u00bb1\/1&#8243; tablet_width_inherit=\u00bbdefault\u00bb tablet_text_alignment=\u00bbdefault\u00bb phone_text_alignment=\u00bbdefault\u00bb column_border_width=\u00bbnone\u00bb column_border_style=\u00bbsolid\u00bb bg_image_animation=\u00bbnone\u00bb][vc_gallery type=\u00bbimage_grid\u00bb images=\u00bb1095,1097,1099,1101,1103,1105,1107,1109,1111,1113,1115,1117,1119,1121,1123,1125,1127,1129,1131,1133,1135,1137,1139,1141,1143,1145,1147,1149&#8243; layout=\u00bb3&#8243; item_spacing=\u00bbdefault\u00bb gallery_style=\u00bb2&#8243; load_in_animation=\u00bbnone\u00bb img_size=\u00bb400&#215;300&#8243;][\/vc_column][\/vc_row]\n","protected":false},"excerpt":{"rendered":"<p>[vc_row type=\u00bbin_container\u00bb full_screen_row_position=\u00bbmiddle\u00bb column_margin=\u00bbdefault\u00bb column_direction=\u00bbdefault\u00bb column_direction_tablet=\u00bbdefault\u00bb column_direction_phone=\u00bbdefault\u00bb scene_position=\u00bbcenter\u00bb top_padding=\u00bb2%\u00bb text_color=\u00bbdark\u00bb text_align=\u00bbleft\u00bb row_border_radius=\u00bbnone\u00bb row_border_radius_applies=\u00bbbg\u00bb overlay_strength=\u00bb0.3&#8243; gradient_direction=\u00bbleft_to_right\u00bb shape_divider_position=\u00bbbottom\u00bb bg_image_animation=\u00bbnone\u00bb shape_type=\u00bb\u00bb][vc_column column_padding=\u00bbno-extra-padding\u00bb column_padding_tablet=\u00bbinherit\u00bb column_padding_phone=\u00bbinherit\u00bb column_padding_position=\u00bball\u00bb background_color_opacity=\u00bb1&#8243; background_hover_color_opacity=\u00bb1&#8243; column_shadow=\u00bbnone\u00bb column_border_radius=\u00bbnone\u00bb column_link_target=\u00bb_self\u00bb gradient_direction=\u00bbleft_to_right\u00bb overlay_strength=\u00bb0.3&#8243; width=\u00bb1\/1&#8243;&#8230;<\/p>\n","protected":false},"author":1,"featured_media":0,"parent":0,"menu_order":0,"comment_status":"closed","ping_status":"closed","template":"","meta":[],"yoast_head":"<!-- This site is optimized with the Yoast SEO plugin v19.4 - https:\/\/yoast.com\/wordpress\/plugins\/seo\/ -->\n<title>Playa y Cubiertas - Premier Home &amp; Yacht Living<\/title>\n<meta name=\"robots\" content=\"index, follow, max-snippet:-1, max-image-preview:large, max-video-preview:-1\" \/>\n<link rel=\"canonical\" href=\"https:\/\/premierhomeandyachtliving.com\/es\/playa-y-cubiertas\/\" \/>\n<meta property=\"og:locale\" content=\"es_ES\" \/>\n<meta property=\"og:type\" content=\"article\" \/>\n<meta property=\"og:title\" content=\"Playa y Cubiertas - Premier Home &amp; Yacht Living\" \/>\n<meta property=\"og:description\" content=\"[vc_row type=\u00bbin_container\u00bb full_screen_row_position=\u00bbmiddle\u00bb column_margin=\u00bbdefault\u00bb column_direction=\u00bbdefault\u00bb column_direction_tablet=\u00bbdefault\u00bb column_direction_phone=\u00bbdefault\u00bb scene_position=\u00bbcenter\u00bb top_padding=\u00bb2%\u00bb text_color=\u00bbdark\u00bb text_align=\u00bbleft\u00bb row_border_radius=\u00bbnone\u00bb row_border_radius_applies=\u00bbbg\u00bb overlay_strength=\u00bb0.3&#8243; gradient_direction=\u00bbleft_to_right\u00bb shape_divider_position=\u00bbbottom\u00bb bg_image_animation=\u00bbnone\u00bb shape_type=\u00bb\u00bb][vc_column column_padding=\u00bbno-extra-padding\u00bb column_padding_tablet=\u00bbinherit\u00bb column_padding_phone=\u00bbinherit\u00bb column_padding_position=\u00bball\u00bb background_color_opacity=\u00bb1&#8243; background_hover_color_opacity=\u00bb1&#8243; column_shadow=\u00bbnone\u00bb column_border_radius=\u00bbnone\u00bb column_link_target=\u00bb_self\u00bb gradient_direction=\u00bbleft_to_right\u00bb overlay_strength=\u00bb0.3&#8243; width=\u00bb1\/1&#8243;...\" \/>\n<meta property=\"og:url\" content=\"https:\/\/premierhomeandyachtliving.com\/es\/playa-y-cubiertas\/\" \/>\n<meta property=\"og:site_name\" content=\"Premier Home &amp; Yacht Living\" \/>\n<meta property=\"article:modified_time\" content=\"2020-12-01T16:22:13+00:00\" \/>\n<meta name=\"twitter:card\" content=\"summary_large_image\" \/>\n<meta name=\"twitter:label1\" content=\"Tiempo de lectura\" \/>\n\t<meta name=\"twitter:data1\" content=\"2 minutos\" \/>\n<script type=\"application\/ld+json\" class=\"yoast-schema-graph\">{\"@context\":\"https:\/\/schema.org\",\"@graph\":[{\"@type\":\"WebSite\",\"@id\":\"https:\/\/premierhomeandyachtliving.com\/#website\",\"url\":\"https:\/\/premierhomeandyachtliving.com\/\",\"name\":\"Premier Home &amp; Yacht Living\",\"description\":\"Mallorca | Yacht Linens | Crew Linens\",\"potentialAction\":[{\"@type\":\"SearchAction\",\"target\":{\"@type\":\"EntryPoint\",\"urlTemplate\":\"https:\/\/premierhomeandyachtliving.com\/?s={search_term_string}\"},\"query-input\":\"required name=search_term_string\"}],\"inLanguage\":\"es\"},{\"@type\":\"WebPage\",\"@id\":\"https:\/\/premierhomeandyachtliving.com\/es\/playa-y-cubiertas\/\",\"url\":\"https:\/\/premierhomeandyachtliving.com\/es\/playa-y-cubiertas\/\",\"name\":\"Playa y Cubiertas - Premier Home &amp; Yacht Living\",\"isPartOf\":{\"@id\":\"https:\/\/premierhomeandyachtliving.com\/#website\"},\"datePublished\":\"2020-10-13T10:50:44+00:00\",\"dateModified\":\"2020-12-01T16:22:13+00:00\",\"breadcrumb\":{\"@id\":\"https:\/\/premierhomeandyachtliving.com\/es\/playa-y-cubiertas\/#breadcrumb\"},\"inLanguage\":\"es\",\"potentialAction\":[{\"@type\":\"ReadAction\",\"target\":[\"https:\/\/premierhomeandyachtliving.com\/es\/playa-y-cubiertas\/\"]}]},{\"@type\":\"BreadcrumbList\",\"@id\":\"https:\/\/premierhomeandyachtliving.com\/es\/playa-y-cubiertas\/#breadcrumb\",\"itemListElement\":[{\"@type\":\"ListItem\",\"position\":1,\"name\":\"Home\",\"item\":\"https:\/\/premierhomeandyachtliving.com\/es\/\"},{\"@type\":\"ListItem\",\"position\":2,\"name\":\"Playa y Cubiertas\"}]}]}<\/script>\n<!-- \/ Yoast SEO plugin. -->","yoast_head_json":{"title":"Playa y Cubiertas - Premier Home &amp; Yacht Living","robots":{"index":"index","follow":"follow","max-snippet":"max-snippet:-1","max-image-preview":"max-image-preview:large","max-video-preview":"max-video-preview:-1"},"canonical":"https:\/\/premierhomeandyachtliving.com\/es\/playa-y-cubiertas\/","og_locale":"es_ES","og_type":"article","og_title":"Playa y Cubiertas - Premier Home &amp; Yacht Living","og_description":"[vc_row type=\u00bbin_container\u00bb full_screen_row_position=\u00bbmiddle\u00bb column_margin=\u00bbdefault\u00bb column_direction=\u00bbdefault\u00bb column_direction_tablet=\u00bbdefault\u00bb column_direction_phone=\u00bbdefault\u00bb scene_position=\u00bbcenter\u00bb top_padding=\u00bb2%\u00bb text_color=\u00bbdark\u00bb text_align=\u00bbleft\u00bb row_border_radius=\u00bbnone\u00bb row_border_radius_applies=\u00bbbg\u00bb overlay_strength=\u00bb0.3&#8243; gradient_direction=\u00bbleft_to_right\u00bb shape_divider_position=\u00bbbottom\u00bb bg_image_animation=\u00bbnone\u00bb shape_type=\u00bb\u00bb][vc_column column_padding=\u00bbno-extra-padding\u00bb column_padding_tablet=\u00bbinherit\u00bb column_padding_phone=\u00bbinherit\u00bb column_padding_position=\u00bball\u00bb background_color_opacity=\u00bb1&#8243; background_hover_color_opacity=\u00bb1&#8243; column_shadow=\u00bbnone\u00bb column_border_radius=\u00bbnone\u00bb column_link_target=\u00bb_self\u00bb gradient_direction=\u00bbleft_to_right\u00bb overlay_strength=\u00bb0.3&#8243; width=\u00bb1\/1&#8243;...","og_url":"https:\/\/premierhomeandyachtliving.com\/es\/playa-y-cubiertas\/","og_site_name":"Premier Home &amp; Yacht Living","article_modified_time":"2020-12-01T16:22:13+00:00","twitter_card":"summary_large_image","twitter_misc":{"Tiempo de lectura":"2 minutos"},"schema":{"@context":"https:\/\/schema.org","@graph":[{"@type":"WebSite","@id":"https:\/\/premierhomeandyachtliving.com\/#website","url":"https:\/\/premierhomeandyachtliving.com\/","name":"Premier Home &amp; Yacht Living","description":"Mallorca | Yacht Linens | Crew Linens","potentialAction":[{"@type":"SearchAction","target":{"@type":"EntryPoint","urlTemplate":"https:\/\/premierhomeandyachtliving.com\/?s={search_term_string}"},"query-input":"required name=search_term_string"}],"inLanguage":"es"},{"@type":"WebPage","@id":"https:\/\/premierhomeandyachtliving.com\/es\/playa-y-cubiertas\/","url":"https:\/\/premierhomeandyachtliving.com\/es\/playa-y-cubiertas\/","name":"Playa y Cubiertas - Premier Home &amp; Yacht Living","isPartOf":{"@id":"https:\/\/premierhomeandyachtliving.com\/#website"},"datePublished":"2020-10-13T10:50:44+00:00","dateModified":"2020-12-01T16:22:13+00:00","breadcrumb":{"@id":"https:\/\/premierhomeandyachtliving.com\/es\/playa-y-cubiertas\/#breadcrumb"},"inLanguage":"es","potentialAction":[{"@type":"ReadAction","target":["https:\/\/premierhomeandyachtliving.com\/es\/playa-y-cubiertas\/"]}]},{"@type":"BreadcrumbList","@id":"https:\/\/premierhomeandyachtliving.com\/es\/playa-y-cubiertas\/#breadcrumb","itemListElement":[{"@type":"ListItem","position":1,"name":"Home","item":"https:\/\/premierhomeandyachtliving.com\/es\/"},{"@type":"ListItem","position":2,"name":"Playa y Cubiertas"}]}]}},"_links":{"self":[{"href":"https:\/\/premierhomeandyachtliving.com\/es\/wp-json\/wp\/v2\/pages\/497\/"}],"collection":[{"href":"https:\/\/premierhomeandyachtliving.com\/es\/wp-json\/wp\/v2\/pages\/"}],"about":[{"href":"https:\/\/premierhomeandyachtliving.com\/es\/wp-json\/wp\/v2\/types\/page\/"}],"author":[{"embeddable":true,"href":"https:\/\/premierhomeandyachtliving.com\/es\/wp-json\/wp\/v2\/users\/1\/"}],"replies":[{"embeddable":true,"href":"https:\/\/premierhomeandyachtliving.com\/es\/wp-json\/wp\/v2\/comments\/?post=497"}],"version-history":[{"count":3,"href":"https:\/\/premierhomeandyachtliving.com\/es\/wp-json\/wp\/v2\/pages\/497\/revisions\/"}],"predecessor-version":[{"id":1152,"href":"https:\/\/premierhomeandyachtliving.com\/es\/wp-json\/wp\/v2\/pages\/497\/revisions\/1152\/"}],"wp:attachment":[{"href":"https:\/\/premierhomeandyachtliving.com\/es\/wp-json\/wp\/v2\/media\/?parent=497"}],"curies":[{"name":"wp","href":"https:\/\/api.w.org\/{rel}","templated":true}]}}